{"id":5968,"date":"2025-02-19T15:08:08","date_gmt":"2025-02-19T15:08:08","guid":{"rendered":"https:\/\/palazzorealedinapoli.org\/chi-siamo\/consiglio-di-amministrazione\/"},"modified":"2025-03-18T14:34:15","modified_gmt":"2025-03-18T14:34:15","slug":"consiglio-di-amministrazione","status":"publish","type":"page","link":"https:\/\/palazzorealedinapoli.org\/en\/chi-siamo\/consiglio-di-amministrazione\/","title":{"rendered":"CdA"},"content":{"rendered":"<h2>Massimo Osanna<\/h2>\n<p>Massimo Osanna \u00e8 Professore ordinario di Archeologia classica dell\u2019Universit\u00e0 di Napoli \u201cFederico II\u201d, \u00e8 Direttore generale Musei presso il Ministero della cultura. Ha diretto tra il 2014 e il 2020 la Soprintendenza speciale per Pompei, Ercolano e Stabia e poi il Parco Archeologico di Pompei.<br \/>\nHa insegnato presso l\u2019Universit\u00e0 della Basilicata, dove ha diretto la Scuola di Specializzazione in Beni Archeologici di Matera. Ha insegnato come\u00a0<em>visiting professor<\/em>\u00a0presso l\u2019\u00c9cole Pratique des Hautes \u00c9tudes di Parigi e l\u2019Universit\u00e0 di Heidelberg. Ha svolto attivit\u00e0 di ricerca finanziate dalla Fondazione Humboldt presso le Universit\u00e0 di Berlino e Heidelberg, nonch\u00e9 come borsista presso la Scuola archeologica italiana di Atene. \u00c8 stato Soprintendente per i Beni Archeologici della Basilicata.<br \/>\nHa diretto pluriennali attivit\u00e0 di ricerca sul campo in Italia (Torre di Satriano, Ascoli Satriano, Pantelleria, Taureana di Palmi, Gabii) e all\u2019estero (Alesia). Attualmente conduce con l\u2019Ephoria delle Cicladi e l\u2019\u00c9cole fran\u00e7aise d\u2019Ath\u00e8nes ricerche nell\u2019isola di Rheneia.<br \/>\nA Pompei, dove ha coordinato la messa in sicurezza dell\u2019intera citt\u00e0 e i restauri dei maggiori edifici, insieme a progetti di valorizzazione e di fruizione nell\u2019ambito del Grande Progetto Pompei, ha promosso vaste ricerche nei santuari e negli spazi pubblici della citt\u00e0 in collaborazione con Universit\u00e0 e Istituti di ricerca italiani e stranieri, nonch\u00e9 le nuove ricerche della Regio V.<br \/>\n\u00c8 autore di oltre un centinaio di saggi e monografie dedicati all\u2019archeologia della Grecia e dell\u2019Italia antica, allo studio della ritualit\u00e0 antica, alla ricostruzione dei\u00a0<em>pattern<\/em>\u00a0insediativi e ai fenomeni di mobilit\u00e0 e di contatti culturali nonch\u00e9 agli aspetti di gestione e conservazione del patrimonio culturale.<\/p>\n<h2>Alessandro Barbano<\/h2>\n<p>Giornalista, scrittore e docente \u00e8 attualmente condirettore del Corriere dello sport, editorialista dell\u2019Huffington Post e de Il Foglio, curatore della rassegna stampa di Radio Radicale e, dal 2018, ricopre il ruolo di amministratore unico della Fondazione Campania dei Festival. \u00c8 stato direttore del quotidiano Il Mattino (2012-2018), vicedirettore de Il Messaggero ed ha istituito, nel 2017, il premio letterario Matilde Serao. Ha insegnato Teoria e tecnica del linguaggio giornalistico, Organizzazione del lavoro redazionale, Sociologia delle comunicazioni di massa, Retorica, Giornalismo politico ed economico all\u2019Universit\u00e0 \u201cLa Sapienza\u201d di Roma, all\u2019Universit\u00e0 del Molise, alla Link University e all\u2019Universit\u00e0 Suor Orsola Benincasa.<\/p>\n<h2>Guido Clemente di San Luca<\/h2>\n<p>Professore ordinario di Diritto amministrativo alla Facolt\u00e0 di Giurisprudenza della Seconda Universit\u00e0 di Napoli dal 2003 e, fino al 2000, ricercatore alla \u201cFederico II\u201d. Dal 1991 insegna Legislazione dei beni culturali presso la Facolt\u00e0 di Lettere dell\u2019Universit\u00e0 Suor Orsola Benincasa. Ha insegnato all\u2019Universit\u00e0 del Molise, all\u2019Universit\u00e0 degli Studi di Urbino, al Link Campus University di Malta ed \u00e8 stato Senior Fellow della John Hopkins University di Baltimora (USA), dove ha svolto ricerche<br \/>\nin tema di \u201cLibert\u00e0 dell\u2019arte\u201d.<br \/>\nTra i molteplici incarichi \u00e8 stato responsabile scientifico del progetto finanziato dalla Regione Campania sul tema \u201cIl ruolo istituzionale delle autonomie territoriali e i rapporti tre Stato-Regioni-Enti dopo la riforma del titolo V della Costituzione\u201d e responsabile scientifico dell\u2019unit\u00e0 di ricerca con sede presso la Facolt\u00e0 di Giurisprudenza della S.U.N. nell\u2019ambito del PRIN 2009 (biennale), dal titolo \u201cL\u2019attuazione degli articoli 118 e 119 della Costituzione nel campo dei beni culturali ed i riflessi sull\u2019ordinamento degli enti locali\u201d.<\/p>\n<h2>Arturo De Vivo<\/h2>\n<p>Professore emerito di Letteratura latina presso il Dipartimento di Studi Umanistici dell\u2019Universit\u00e0 \u201cFederico II\u201d di Napoli, della quale \u00e8 stato nominato Prorettore nel 2014 ed \u00e8 stato Rettore da gennaio a ottobre 2020. \u00c8 componente del Comitato tecnico della Scuola Superiore Meridionale. Per tre anni accademici (1995-1998) \u00e8 stato Preside della Facolt\u00e0 di Lettere e Filosofia della Seconda Universit\u00e0 di Napoli e per due trienni (1999-2005) membro del Senato accademico della \u201cFederico II\u201d, Preside della Facolt\u00e0 di Lettere e Filosofia (2008-2012), Direttore del Dipartimento di Studi Umanistici (2013-2014).<br \/>\nHa insegnato Storia della lingua latina all\u2019Universit\u00e0 della Calabria e Lingua e Letteratura latina presso la Facolt\u00e0 di Magistero dell\u2019Universit\u00e0 di Bari. Negli anni 2003 e 2004 ha svolto per conto del MIUR attivit\u00e0 di revisore nell\u2019ambito della selezione dei progetti di rilevante interesse nazionale (PRIN) e nel 2005 \u00e8 stato referente per il progetto MIUR di valutazione della ricerca.<\/p>\n","protected":false},"excerpt":{"rendered":"<p>Massimo Osanna Massimo Osanna \u00e8 Professore ordinario di Archeologia classica dell\u2019Universit\u00e0 di Napoli \u201cFederico II\u201d, \u00e8 Direttore generale Musei presso il Ministero della cultura. Ha diretto tra il 2014 e&#8230;<\/p>\n","protected":false},"author":2,"featured_media":0,"parent":1187,"menu_order":40,"comment_status":"closed","ping_status":"closed","template":"page-albero.php","meta":{"_acf_changed":false,"footnotes":""},"class_list":["post-5968","page","type-page","status-publish","hentry"],"acf":[],"_links":{"self":[{"href":"https:\/\/palazzorealedinapoli.org\/en\/wp-json\/wp\/v2\/pages\/5968","targetHints":{"allow":["GET"]}}],"collection":[{"href":"https:\/\/palazzorealedinapoli.org\/en\/wp-json\/wp\/v2\/pages"}],"about":[{"href":"https:\/\/palazzorealedinapoli.org\/en\/wp-json\/wp\/v2\/types\/page"}],"author":[{"embeddable":true,"href":"https:\/\/palazzorealedinapoli.org\/en\/wp-json\/wp\/v2\/users\/2"}],"replies":[{"embeddable":true,"href":"https:\/\/palazzorealedinapoli.org\/en\/wp-json\/wp\/v2\/comments?post=5968"}],"version-history":[{"count":1,"href":"https:\/\/palazzorealedinapoli.org\/en\/wp-json\/wp\/v2\/pages\/5968\/revisions"}],"predecessor-version":[{"id":6119,"href":"https:\/\/palazzorealedinapoli.org\/en\/wp-json\/wp\/v2\/pages\/5968\/revisions\/6119"}],"up":[{"embeddable":true,"href":"https:\/\/palazzorealedinapoli.org\/en\/wp-json\/wp\/v2\/pages\/1187"}],"wp:attachment":[{"href":"https:\/\/palazzorealedinapoli.org\/en\/wp-json\/wp\/v2\/media?parent=5968"}],"curies":[{"name":"wp","href":"https:\/\/api.w.org\/{rel}","templated":true}]}}