{"id":5967,"date":"2025-02-19T15:13:29","date_gmt":"2025-02-19T15:13:29","guid":{"rendered":"https:\/\/palazzorealedinapoli.org\/chi-siamo\/comitato-scientifico\/"},"modified":"2025-02-19T15:13:29","modified_gmt":"2025-02-19T15:13:29","slug":"comitato-scientifico","status":"publish","type":"page","link":"https:\/\/palazzorealedinapoli.org\/en\/chi-siamo\/comitato-scientifico\/","title":{"rendered":"Comitato Scientifico"},"content":{"rendered":"<h2>Bianca de Divitiis<\/h2>\n<p>\u00c8 professore Associato in Storia dell\u2019Arte moderna presso l\u2019Universit\u00e0 di Napoli Federico II. Dopo aver ricevuto diverse borse di ricerca da istituzioni nazionali (IUAV) e internazionali (Warburg Institute, Villa I Tatti-Harvard University, Paul Mellon Centre), ha diretto il progetto europeo ERC intitolato Historical Memory, Antiquarian Culture, Artistic Patronage in Renaissance Southern Italy (2011-2016) ed \u00e8 attualmente a capo del progetto di ricerca nazionale PRIN Renaissance in southern Italy and the Islands: Culutural Heritage and Technology. Partecipa inoltre a diversi progetti internazionali (EAHN e Columbia University) ed \u00e8 membro del consiglio scientifico del Palladio Museum di Vicenza e del Pio Monte della Misericordia a Napoli. \u00c8 vicedirettrice del Dipartimento di Studi Umanistici e membro delegato della Commissione Ricerca dell\u2019Universit\u00e0 di Napoli Federico II. Ha pubblicato articoli in riviste internazionali e un libro sulla committenza della famiglia Carafa a Napoli nel Quattrocento (Venezia 2007); \u00e8 stata co-curatrice di un numero monografico sulla cultura antiquaria in Europa (con Alessandro Nova e Samuel Vitali, Mitteilungen des Kunsthistorische Institutes in Florenz, 2018), del volume Local Antiquities, Local Identities (con Kathleen Christian, Manchester 2019) e di un lavoro sul De Nola di Ambrogio Leone (con Fulvio Lenzo e Lorenzo Miletti, Leiden-Boston 2018). Attualmente sta completando una monografia intitolata Il Rinascimento e il Regno<\/p>\n<p><a href=\"https:\/\/palazzorealedinapoli.org\/wp-content\/uploads\/2025\/02\/Bianca-de-vitiis-CV.pdf\">Curriculum<\/a><\/p>\n<hr \/>\n<p>&nbsp;<\/p>\n<h2>Donatella Dentice di Accadia<\/h2>\n<p>\u00c8 nata a Roma dove si \u00e8 laureata in Lettere all\u2019Universit\u00e0 Sapienza di Roma e parla correntemente quattro lingue. Ha seguito corsi specialistici di restauro presso diversi restauratori museali negli Stati Uniti e si \u00e8 specializzata nel restauro e nella decorazione di ceramica e porcellana.<br \/>\nHa insegnato Storia e Decorazione della Porcellana presso la Cambridge School for Adult Education, Boston (USA), \u00e8 stata consulente presso Gedarte s.a. Ginevra (CH), in qualit\u00e0 di esperto di restauro e decorazione di ceramica e porcellana ed ha partecipato all\u2019organizzazione degli eventi per il rilancio della citt\u00e0 di Napoli presso il Kunsthistorisches Museum di Vienna, il Palacio N\u00e1cional da Ajuda a Lisbona, il Ciragan Palace di Istanbul e il Palazzo di Serbia a Belgrado.<br \/>\nAttualmente ricopre il ruolo di responsabile comunicazione ed eventi al Museo della Moda, Napoli \u2013 Fondazione Mondragone, in supporto al Commissario Straordinario e si occupa dell\u2019organizzazione di eventi correlati alla moda e all\u2019arte. Dal 2019 collabora con l\u2019Archivio di Stato di Napoli, nell\u2019ambito di particolari iniziative ed eventi, finalizzati a promuovere la conoscenza della memoria storica della citt\u00e0 attraverso i preziosi documenti d\u2019archivio sulla sartoria e l\u2019artigianato partenopeo dal XV al XX secolo e attualmente lavora ad un progetto di riordino del grande Archivio della Famiglia d\u2019Avalos<\/p>\n<p><a href=\"https:\/\/palazzorealedinapoli.org\/wp-content\/uploads\/2025\/02\/curriculum-donatella-dentice.pdf\">Curriculum<\/a><\/p>\n<hr \/>\n<h2>Leonardo Di Mauro<\/h2>\n<p>Si \u00e8 laureato in architettura a Milano, dove \u00e8 nato nel 1948. Dal 1974 risiede e svolge la sua attivit\u00e0 a Napoli. \u00c8 presidente, dall\u2019ottobre 2018, dell\u2019Ordine degli Architetti Pianificatori Paesaggisti e Conservatori di Napoli e Provincia. Professore ordinario di Storia dell\u2019architettura dal 2001 e direttore tra il 2004 e il 2010 del Dipartimento di Storia dell\u2019architettura e restauro dell\u2019Universit\u00e0 degli Studi di Napoli Federico II, negli stessi anni \u00e8 stato membro del Senato accademico e poi del Consiglio di Amministrazione della stessa Universit\u00e0. Dal 1994 al 2014 docente presso la Facolt\u00e0 di Lettere dell\u2019Universit\u00e0 degli Studi di Napoli Suor Orsola Benincasa.<br \/>\nLa sua attivit\u00e0 di ricerca, oltre che alla Storia dell\u2019architettura propriamente intesa, si \u00e8 rivolta in altre due direzioni: la Storia urbana dell\u2019Italia meridionale e della Sicilia, l\u2019Immagine della citt\u00e0 e del paesaggio attraverso le relazioni dei viaggiatori, le guide e le vedute con particolare attenzione a Napoli e al paesaggio della Campania. \u00c8 membro della Societ\u00e0 Nazionale di Scienze, Lettere e Arti in Napoli e vicepresidente della Sezione Campania dell\u2019Istituto Nazionale dei Castelli.<\/p>\n<p><a href=\"https:\/\/palazzorealedinapoli.org\/wp-content\/uploads\/2025\/02\/curriculum-Prof.-Leonardo-Di-Mauro-1.pdf\">Curriculum<\/a><\/p>\n<hr \/>\n<h2>Giuseppe Porzio<\/h2>\n<p>Insegna Storia dell\u2019arte moderna presso l\u2019Universit\u00e0 degli Studi di Napoli \u00abL\u2019Orientale\u00bb; la sua attivit\u00e0 scientifica si \u00e8 rivolta principalmente alla pittura tra Cinque e Settecento nell\u2019Italia centro-meridionale, con particolare riguardo alle correnti naturalistiche e alle presenze forestiere. Tra i principali lavori si ricordano le monografie su La scuola di Ribera (Napoli 2014) e Carlo Sellitto (Napoli 2019). Ha curato inoltre le mostre Intorno alla Santa Caterina di Giovanni Ricca; Ribera e la sua cerchia a Napoli, 1620-1650 circa (Napoli, Gallerie d\u2019Italia, Palazzo Zevallos Stigliano, 2016); con Antonio Ernesto Denunzio e Renato Ruotolo, Rubens, Van Dyck, Ribera; La collezione di un principe (Napoli, Gallerie d\u2019Italia, Palazzo Zevallos Stigliano, 2018-2019); con Giuseppe Valentino, \u00abForme magnifiche\u00bb e \u00abgran pieghe de\u2019 panni\u00bb; Modelli e riflessi della maniera di Mattia Preti a Napoli (Taverna, Museo civico, 2019).<\/p>\n","protected":false},"excerpt":{"rendered":"<p>Bianca de Divitiis \u00c8 professore Associato in Storia dell\u2019Arte moderna presso l\u2019Universit\u00e0 di Napoli Federico II. Dopo aver ricevuto diverse borse di ricerca da istituzioni nazionali (IUAV) e internazionali (Warburg&#8230;<\/p>\n","protected":false},"author":2,"featured_media":0,"parent":1187,"menu_order":17,"comment_status":"closed","ping_status":"closed","template":"page-albero.php","meta":{"_acf_changed":false,"footnotes":""},"class_list":["post-5967","page","type-page","status-publish","hentry"],"acf":[],"_links":{"self":[{"href":"https:\/\/palazzorealedinapoli.org\/en\/wp-json\/wp\/v2\/pages\/5967","targetHints":{"allow":["GET"]}}],"collection":[{"href":"https:\/\/palazzorealedinapoli.org\/en\/wp-json\/wp\/v2\/pages"}],"about":[{"href":"https:\/\/palazzorealedinapoli.org\/en\/wp-json\/wp\/v2\/types\/page"}],"author":[{"embeddable":true,"href":"https:\/\/palazzorealedinapoli.org\/en\/wp-json\/wp\/v2\/users\/2"}],"replies":[{"embeddable":true,"href":"https:\/\/palazzorealedinapoli.org\/en\/wp-json\/wp\/v2\/comments?post=5967"}],"version-history":[{"count":0,"href":"https:\/\/palazzorealedinapoli.org\/en\/wp-json\/wp\/v2\/pages\/5967\/revisions"}],"up":[{"embeddable":true,"href":"https:\/\/palazzorealedinapoli.org\/en\/wp-json\/wp\/v2\/pages\/1187"}],"wp:attachment":[{"href":"https:\/\/palazzorealedinapoli.org\/en\/wp-json\/wp\/v2\/media?parent=5967"}],"curies":[{"name":"wp","href":"https:\/\/api.w.org\/{rel}","templated":true}]}}